{"id":79,"date":"2022-12-16T09:52:04","date_gmt":"2022-12-16T09:52:04","guid":{"rendered":"https:\/\/staging.bilpleievoss.no\/?page_id=79"},"modified":"2024-03-19T15:10:53","modified_gmt":"2024-03-19T14:10:53","slug":"tjenester","status":"publish","type":"page","link":"https:\/\/www.bilpleievoss.no\/index.php\/tjenester\/","title":{"rendered":"Drop Off Keramisk Lakkbeskyttelse"},"content":{"rendered":"<p>&nbsp;<\/p>\n<p><img data-opt-id=1828651641  fetchpriority=\"high\" decoding=\"async\" src=\"https:\/\/mltnfaji6vja.i.optimole.com\/w:auto\/h:auto\/q:mauto\/g:sm\/f:best\/https:\/\/www.bilpleievoss.no\/wp-content\/uploads\/2024\/03\/Drop-Off-Lotus-trnsp_6c0c164bd2b597ee32b68b8b5755bd2e-1-e1710771440235.jpg\" alt=\"\" width=\"205\" height=\"322\" class=\"wp-image-343 aligncenter\" srcset=\"https:\/\/mltnfaji6vja.i.optimole.com\/w:470\/h:737\/q:mauto\/g:sm\/f:best\/https:\/\/www.bilpleievoss.no\/wp-content\/uploads\/2024\/03\/Drop-Off-Lotus-trnsp_6c0c164bd2b597ee32b68b8b5755bd2e-1-e1710771440235.jpg 470w, https:\/\/mltnfaji6vja.i.optimole.com\/w:191\/h:300\/q:mauto\/g:sm\/f:best\/https:\/\/www.bilpleievoss.no\/wp-content\/uploads\/2024\/03\/Drop-Off-Lotus-trnsp_6c0c164bd2b597ee32b68b8b5755bd2e-1-e1710771440235.jpg 191w, https:\/\/mltnfaji6vja.i.optimole.com\/w:470\/h:737\/q:mauto\/g:sm\/f:best\/dpr:2\/https:\/\/www.bilpleievoss.no\/wp-content\/uploads\/2024\/03\/Drop-Off-Lotus-trnsp_6c0c164bd2b597ee32b68b8b5755bd2e-1-e1710771440235.jpg 2x\" sizes=\"(max-width: 205px) 100vw, 205px\" \/><\/p>\n<h2 style=\"text-align: center;\">Drop Off Lotus F1<\/h2>\n<p style=\"text-align: center;\">Drop Off Lotus F1 er en ultrahydrofobisk keramisk lakkbeskyttelse, som med sin unike formel gir markedets blankeste beskyttelse.<br \/>\nDen gir en ultra flott glans og en silkeglatt overflate som i sum bidrar til at skitt og smuss ikke fester seg og enkelt kan vaskes av!<\/p>\n<p style=\"text-align: center;\">Drop Off Lotus F1 har en h\u00f8y grad hardhet som gir en meget motstandsdyktig lakkbeskyttelse, samtidig som den bidrar til en glans selv naboen m\u00e5 snu seg etter i flere \u00e5r fremover.<\/p>\n<p style=\"text-align: center;\">Produktet er en 1-komponent-behandling som gir bilen et langvarig, blankt utseende og solid beskyttelse<\/p>\n<p style=\"text-align: center;\">Lotus F1 er perfekt til familiebilen, s\u00f8ndagsbilen eller sportsbilen som eksempel.<\/p>\n<p>&nbsp;<\/p>\n<p>&nbsp;<\/p>\n<p>&nbsp;<\/p>\n<p>&nbsp;<\/p>\n<p><img data-opt-id=685220168  fetchpriority=\"high\" decoding=\"async\" src=\"https:\/\/mltnfaji6vja.i.optimole.com\/w:auto\/h:auto\/q:mauto\/g:sm\/f:best\/https:\/\/www.bilpleievoss.no\/wp-content\/uploads\/2024\/03\/Drop-Off-Evolution-PRO_kit_trnsp_df8586bb4c14d18f77324f7452f392cd-1-e1710771407860.jpg\" alt=\"\" width=\"287\" height=\"307\" class=\"wp-image-342 aligncenter\" srcset=\"https:\/\/mltnfaji6vja.i.optimole.com\/w:431\/h:461\/q:mauto\/g:sm\/f:best\/https:\/\/www.bilpleievoss.no\/wp-content\/uploads\/2024\/03\/Drop-Off-Evolution-PRO_kit_trnsp_df8586bb4c14d18f77324f7452f392cd-1-e1710771407860.jpg 431w, https:\/\/mltnfaji6vja.i.optimole.com\/w:280\/h:300\/q:mauto\/g:sm\/f:best\/https:\/\/www.bilpleievoss.no\/wp-content\/uploads\/2024\/03\/Drop-Off-Evolution-PRO_kit_trnsp_df8586bb4c14d18f77324f7452f392cd-1-e1710771407860.jpg 280w, https:\/\/mltnfaji6vja.i.optimole.com\/w:431\/h:461\/q:mauto\/g:sm\/f:best\/dpr:2\/https:\/\/www.bilpleievoss.no\/wp-content\/uploads\/2024\/03\/Drop-Off-Evolution-PRO_kit_trnsp_df8586bb4c14d18f77324f7452f392cd-1-e1710771407860.jpg 2x\" sizes=\"(max-width: 287px) 100vw, 287px\" \/><\/p>\n<h2 style=\"text-align: center;\">Drop Off Evolution Pro<\/h2>\n<p style=\"text-align: center;\">Drop Off Evolution Pro er v\u00e5r hardeste beskyttelse. Det unike 2-komponent systemet byr p\u00e5 det beste av det beste hvor vi b\u00e5de f\u00e5r en ekstrem hard beskyttelse og samtidig en smooth og blank finish med god vannavrenningseffekt.<\/p>\n<p style=\"text-align: center;\">Drop off Evolution best\u00e5r av en Base Coat og en Top Coat som legges 6 timer etter Base Coat. Dette er coatingen for den kresne som \u00f8nsker en suveren finish p\u00e5 sin bil.<br \/>\nI bunn har du Base Coat som er en spesielt hard coating for maksimal beskyttelse, og s\u00e5 toppes dette med en Top Coat for enda et ekstra lag med beskyttelse som samtidig tilf\u00f8rer overflaten en \u00f8kt grad av glans med en tydelig vannperlende effekt. ( hydrofobisk effekt).<\/p>\n<p style=\"text-align: center;\">Dette er en show-stopper av en coating!<\/p>\n<p style=\"text-align: center;\">Med Drop Off Evolution Pro bygger du lag for lag med lakkbeskyttelse for en sterk og holdbar hinne, med legende egenskaper for mindre riper.<\/p>\n<p>&nbsp;<\/p>\n<p>&nbsp;<\/p>\n<p>&nbsp;<\/p>\n<h1 style=\"text-align: center;\">Rutebeskyttelse<\/h1>\n<p style=\"text-align: center;\"><img data-opt-id=164181767  fetchpriority=\"high\" decoding=\"async\" src=\"https:\/\/mltnfaji6vja.i.optimole.com\/w:auto\/h:auto\/q:mauto\/g:sm\/f:best\/https:\/\/www.bilpleievoss.no\/wp-content\/uploads\/2024\/03\/rutebeskyttelse-e1710770679439.jpg\" alt=\"\" width=\"403\" height=\"275\" class=\"alignnone wp-image-349\" srcset=\"https:\/\/mltnfaji6vja.i.optimole.com\/w:1525\/h:1041\/q:mauto\/g:sm\/f:best\/https:\/\/www.bilpleievoss.no\/wp-content\/uploads\/2024\/03\/rutebeskyttelse-e1710770679439.jpg 1525w, https:\/\/mltnfaji6vja.i.optimole.com\/w:300\/h:205\/q:mauto\/g:sm\/f:best\/https:\/\/www.bilpleievoss.no\/wp-content\/uploads\/2024\/03\/rutebeskyttelse-e1710770679439.jpg 300w, https:\/\/mltnfaji6vja.i.optimole.com\/w:768\/h:524\/q:mauto\/g:sm\/f:best\/https:\/\/www.bilpleievoss.no\/wp-content\/uploads\/2024\/03\/rutebeskyttelse-e1710770679439.jpg 768w, https:\/\/mltnfaji6vja.i.optimole.com\/w:1525\/h:1041\/q:mauto\/g:sm\/f:best\/dpr:2\/https:\/\/www.bilpleievoss.no\/wp-content\/uploads\/2024\/03\/rutebeskyttelse-e1710770679439.jpg 2x\" sizes=\"(max-width: 403px) 100vw, 403px\" \/><\/p>\n<p style=\"text-align: center;\">Vindusviskere er en ting, vaskeb\u00f8tte og nal en annen. Begge deler er viktig for \u00e5 sikre god sikt. Men hva med \u00e5 behandle ruten, slik at den blir enklere \u00e5 holde ren og klar, uten forstyrrelser?<\/p>\n<p style=\"text-align: center;\">Drop Off Rutebeskyttelse har en varighet p\u00e5 6-12 m\u00e5neder, og er fort gjort \u00e5 legge p\u00e5. Dette er v\u00e5rt beste tips til deg som har sett nok insekter, vanndr\u00e5per og andre ujevnheter p\u00e5 frontruten i livet.<\/p>\n<p>&nbsp;<\/p>\n<p>&nbsp;<\/p>\n<p>&nbsp;<\/p>\n<h1 style=\"text-align: center;\">Drop Off Vedlikeholdvask &#8211; kotrollvask<\/h1>\n<p style=\"text-align: center;\"><img data-opt-id=498576776  data-opt-src=\"https:\/\/mltnfaji6vja.i.optimole.com\/w:auto\/h:auto\/q:mauto\/g:sm\/f:best\/https:\/\/www.bilpleievoss.no\/wp-content\/uploads\/2024\/03\/Vedlikeholdvask-e1710770223789.jpg\"  decoding=\"async\" src=\"https:\/\/mltnfaji6vja.i.optimole.com\/w:auto\/h:auto\/q:eco\/g:sm\/f:best\/https:\/\/www.bilpleievoss.no\/wp-content\/uploads\/2024\/03\/Vedlikeholdvask-e1710770223789.jpg\" alt=\"\" width=\"454\" height=\"248\" class=\"alignnone wp-image-346\" old-srcset=\"https:\/\/mltnfaji6vja.i.optimole.com\/w:1920\/h:1049\/q:mauto\/g:sm\/f:best\/https:\/\/www.bilpleievoss.no\/wp-content\/uploads\/2024\/03\/Vedlikeholdvask-e1710770223789.jpg 2048w, https:\/\/mltnfaji6vja.i.optimole.com\/w:300\/h:164\/q:mauto\/g:sm\/f:best\/https:\/\/www.bilpleievoss.no\/wp-content\/uploads\/2024\/03\/Vedlikeholdvask-e1710770223789.jpg 300w, https:\/\/mltnfaji6vja.i.optimole.com\/w:768\/h:420\/q:mauto\/g:sm\/f:best\/https:\/\/www.bilpleievoss.no\/wp-content\/uploads\/2024\/03\/Vedlikeholdvask-e1710770223789.jpg 768w, https:\/\/mltnfaji6vja.i.optimole.com\/w:1536\/h:839\/q:mauto\/g:sm\/f:best\/https:\/\/www.bilpleievoss.no\/wp-content\/uploads\/2024\/03\/Vedlikeholdvask-e1710770223789.jpg 1536w, https:\/\/mltnfaji6vja.i.optimole.com\/w:1920\/h:1049\/q:mauto\/g:sm\/f:best\/dpr:2\/https:\/\/www.bilpleievoss.no\/wp-content\/uploads\/2024\/03\/Vedlikeholdvask-e1710770223789.jpg 2x\" \/><\/p>\n<p style=\"text-align: center;\">Bilen skal inn til vaskekontroll en gang i \u00e5ret for \u00e5 opprettholde garantien. Det anbefales bruk av Top Gloss sammen med vaskekontroll.<\/p>\n<p>&nbsp;<\/p>\n<p>&nbsp;<\/p>\n<p>&nbsp;<\/p>\n<p>&nbsp;<\/p>\n<h3 style=\"text-align: center;\">Ved bestilling av Drop Off kan du i tillegg f\u00e5 utf\u00f8rt f\u00f8lgende:<\/h3>\n<p style=\"text-align: center;\"><img data-opt-id=530259330  data-opt-src=\"https:\/\/mltnfaji6vja.i.optimole.com\/w:auto\/h:auto\/q:mauto\/g:sm\/f:best\/https:\/\/www.bilpleievoss.no\/wp-content\/uploads\/2024\/03\/Innvendig.jpg\"  decoding=\"async\" src=\"https:\/\/mltnfaji6vja.i.optimole.com\/w:auto\/h:auto\/q:eco\/g:sm\/f:best\/https:\/\/www.bilpleievoss.no\/wp-content\/uploads\/2024\/03\/Innvendig.jpg\" alt=\"\" width=\"369\" height=\"277\" class=\"alignnone wp-image-344\" old-srcset=\"https:\/\/mltnfaji6vja.i.optimole.com\/w:1440\/h:1080\/q:mauto\/g:sm\/f:best\/https:\/\/www.bilpleievoss.no\/wp-content\/uploads\/2024\/03\/Innvendig.jpg 2048w, https:\/\/mltnfaji6vja.i.optimole.com\/w:300\/h:225\/q:mauto\/g:sm\/f:best\/https:\/\/www.bilpleievoss.no\/wp-content\/uploads\/2024\/03\/Innvendig.jpg 300w, https:\/\/mltnfaji6vja.i.optimole.com\/w:768\/h:576\/q:mauto\/g:sm\/f:best\/https:\/\/www.bilpleievoss.no\/wp-content\/uploads\/2024\/03\/Innvendig.jpg 768w, https:\/\/mltnfaji6vja.i.optimole.com\/w:1440\/h:1080\/q:mauto\/g:sm\/f:best\/https:\/\/www.bilpleievoss.no\/wp-content\/uploads\/2024\/03\/Innvendig.jpg 1536w, https:\/\/mltnfaji6vja.i.optimole.com\/w:1440\/h:1080\/q:mauto\/g:sm\/f:best\/dpr:2\/https:\/\/www.bilpleievoss.no\/wp-content\/uploads\/2024\/03\/Innvendig.jpg 2x\" \/><\/p>\n<p style=\"text-align: center;\"><span style=\"color: #333399;\"><strong>Innvendig vask<\/strong><\/span><\/p>\n<p style=\"text-align: center;\"><span style=\"color: #333399;\"><strong>Innvendig rens<\/strong><\/span><\/p>\n<p style=\"text-align: center;\"><span style=\"color: #333399;\"><strong>Seterens<\/strong><\/span><\/p>\n<p style=\"text-align: center;\"><span style=\"color: #333399;\"><strong>Skinnpleie<\/strong><\/span><\/p>\n<p style=\"text-align: center;\"><span style=\"color: #333399;\"><strong>Ozon luktfjerning<\/strong><\/span><\/p>\n<p style=\"text-align: center;\"><span style=\"color: #333399;\"><strong>Ripefjerning med lakkrens<\/strong><\/span><\/p>\n<p style=\"text-align: center;\"><span style=\"color: #333399;\"><strong>Glanspolering med maskin<\/strong><\/span><\/p>\n<p style=\"text-align: center;\"><span style=\"color: #333399;\"><strong>Rutevask<\/strong><\/span><\/p>\n<p style=\"text-align: center;\"><span style=\"color: #333399;\"><strong>Gummi og plastpleie<\/strong><\/span><\/p>\n<p style=\"text-align: center;\"><span style=\"color: #333399;\"><strong>Felgvask<\/strong><\/span><\/p>\n<p style=\"text-align: center;\"><span style=\"color: #333399;\"><strong>Motorvask med t\u00f8rking<\/strong><\/span><\/p>\n<p style=\"text-align: center;\"><span style=\"color: #333399;\"><strong>Foliefjerning<\/strong><\/span><\/p>\n<h2 style=\"text-align: center;\"><\/h2>\n<p>&nbsp;<\/p>\n<p>&nbsp;<\/p>\n","protected":false},"excerpt":{"rendered":"<p>&nbsp; Drop Off Lotus F1 Drop Off Lotus F1 er en ultrahydrofobisk keramisk lakkbeskyttelse, som med sin unike formel gir markedets blankeste beskyttelse. Den gir en ultra flott glans og en silkeglatt overflate som i sum bidrar til at skitt og smuss ikke fester seg og enkelt kan vaskes av! [&hellip;]<\/p>\n","protected":false},"author":1,"featured_media":0,"parent":0,"menu_order":0,"comment_status":"closed","ping_status":"closed","template":"","meta":{"footnotes":""},"class_list":["post-79","page","type-page","status-publish","hentry"],"_links":{"self":[{"href":"https:\/\/www.bilpleievoss.no\/index.php\/wp-json\/wp\/v2\/pages\/79","targetHints":{"allow":["GET"]}}],"collection":[{"href":"https:\/\/www.bilpleievoss.no\/index.php\/wp-json\/wp\/v2\/pages"}],"about":[{"href":"https:\/\/www.bilpleievoss.no\/index.php\/wp-json\/wp\/v2\/types\/page"}],"author":[{"embeddable":true,"href":"https:\/\/www.bilpleievoss.no\/index.php\/wp-json\/wp\/v2\/users\/1"}],"replies":[{"embeddable":true,"href":"https:\/\/www.bilpleievoss.no\/index.php\/wp-json\/wp\/v2\/comments?post=79"}],"version-history":[{"count":16,"href":"https:\/\/www.bilpleievoss.no\/index.php\/wp-json\/wp\/v2\/pages\/79\/revisions"}],"predecessor-version":[{"id":225,"href":"https:\/\/www.bilpleievoss.no\/index.php\/wp-json\/wp\/v2\/pages\/79\/revisions\/225"}],"wp:attachment":[{"href":"https:\/\/www.bilpleievoss.no\/index.php\/wp-json\/wp\/v2\/media?parent=79"}],"curies":[{"name":"wp","href":"https:\/\/api.w.org\/{rel}","templated":true}]}}